{"id":2923,"date":"2023-03-13T10:38:28","date_gmt":"2023-03-13T10:38:28","guid":{"rendered":"https:\/\/www.lesrivesdulac-annecy.com\/?page_id=2923"},"modified":"2026-01-20T11:02:31","modified_gmt":"2026-01-20T10:02:31","slug":"conditions-generales-de-vente","status":"publish","type":"page","link":"https:\/\/www.lesrivesdulac-annecy.com\/es\/conditions-generales-de-vente\/","title":{"rendered":"Condiciones generales de venta"},"content":{"rendered":"<div data-elementor-type=\"wp-page\" data-elementor-id=\"2923\" class=\"elementor elementor-2923\" data-elementor-post-type=\"page\">\n\t\t\t\t\t\t<section data-exad-particle-enable=\"false\" class=\"elementor-section elementor-top-section elementor-element elementor-element-22fbbd56 elementor-section-full_width elementor-section-height-default elementor-section-height-default exad-parallax-effect-no exad-background-color-change-no exad-glass-effect-no exad-sticky-section-no\" data-id=\"22fbbd56\" data-element_type=\"section\">\n\t\t\t\t\t\t<div class=\"elementor-container elementor-column-gap-default\">\n\t\t\t\t\t<div class=\"elementor-column elementor-col-100 elementor-top-column elementor-element elementor-element-6cab48f1 exad-glass-effect-no exad-sticky-section-no\" data-id=\"6cab48f1\" data-element_type=\"column\">\n\t\t\t<div class=\"elementor-widget-wrap elementor-element-populated\">\n\t\t\t\t\t\t<div class=\"elementor-element elementor-element-784d88f exad-sticky-section-no exad-glass-effect-no elementor-widget elementor-widget-image\" data-id=\"784d88f\" data-element_type=\"widget\" data-widget_type=\"image.default\">\n\t\t\t\t<div class=\"elementor-widget-container\">\n\t\t\t<style>\/*! elementor - v3.21.0 - 08-05-2024 *\/\n.elementor-widget-image{text-align:center}.elementor-widget-image a{display:inline-block}.elementor-widget-image a img[src$=\".svg\"]{width:48px}.elementor-widget-image img{vertical-align:middle;display:inline-block}<\/style>\t\t\t\t\t\t\t\t\t\t<img fetchpriority=\"high\" decoding=\"async\" width=\"1908\" height=\"335\" src=\"https:\/\/www.lesrivesdulac-annecy.com\/wp-content\/uploads\/2023\/03\/slide-camping.jpg\" class=\"attachment-full size-full wp-image-2946\" alt=\"\" srcset=\"https:\/\/www.lesrivesdulac-annecy.com\/wp-content\/uploads\/2023\/03\/slide-camping.jpg 1908w, https:\/\/www.lesrivesdulac-annecy.com\/wp-content\/uploads\/2023\/03\/slide-camping-300x53.jpg 300w, https:\/\/www.lesrivesdulac-annecy.com\/wp-content\/uploads\/2023\/03\/slide-camping-1024x180.jpg 1024w, https:\/\/www.lesrivesdulac-annecy.com\/wp-content\/uploads\/2023\/03\/slide-camping-768x135.jpg 768w, https:\/\/www.lesrivesdulac-annecy.com\/wp-content\/uploads\/2023\/03\/slide-camping-1536x270.jpg 1536w\" sizes=\"(max-width: 1908px) 100vw, 1908px\" \/>\t\t\t\t\t\t\t\t\t\t\t\t\t<\/div>\n\t\t\t\t<\/div>\n\t\t\t\t\t<\/div>\n\t\t<\/div>\n\t\t\t\t\t<\/div>\n\t\t<\/section>\n\t\t\t\t<section data-exad-particle-enable=\"false\" class=\"elementor-section elementor-top-section elementor-element elementor-element-29a0258 elementor-section-boxed elementor-section-height-default elementor-section-height-default exad-parallax-effect-no exad-background-color-change-no exad-glass-effect-no exad-sticky-section-no\" data-id=\"29a0258\" data-element_type=\"section\">\n\t\t\t\t\t\t<div class=\"elementor-container elementor-column-gap-default\">\n\t\t\t\t\t<div class=\"elementor-column elementor-col-100 elementor-top-column elementor-element elementor-element-5291b57 exad-glass-effect-no exad-sticky-section-no\" data-id=\"5291b57\" data-element_type=\"column\">\n\t\t\t<div class=\"elementor-widget-wrap elementor-element-populated\">\n\t\t\t\t\t\t<div class=\"elementor-element elementor-element-cff3d5b exad-sticky-section-no exad-glass-effect-no elementor-widget elementor-widget-spacer\" data-id=\"cff3d5b\" data-element_type=\"widget\" data-widget_type=\"spacer.default\">\n\t\t\t\t<div class=\"elementor-widget-container\">\n\t\t\t<style>\/*! elementor - v3.21.0 - 08-05-2024 *\/\n.elementor-column .elementor-spacer-inner{height:var(--spacer-size)}.e-con{--container-widget-width:100%}.e-con-inner>.elementor-widget-spacer,.e-con>.elementor-widget-spacer{width:var(--container-widget-width,var(--spacer-size));--align-self:var(--container-widget-align-self,initial);--flex-shrink:0}.e-con-inner>.elementor-widget-spacer>.elementor-widget-container,.e-con>.elementor-widget-spacer>.elementor-widget-container{height:100%;width:100%}.e-con-inner>.elementor-widget-spacer>.elementor-widget-container>.elementor-spacer,.e-con>.elementor-widget-spacer>.elementor-widget-container>.elementor-spacer{height:100%}.e-con-inner>.elementor-widget-spacer>.elementor-widget-container>.elementor-spacer>.elementor-spacer-inner,.e-con>.elementor-widget-spacer>.elementor-widget-container>.elementor-spacer>.elementor-spacer-inner{height:var(--container-widget-height,var(--spacer-size))}.e-con-inner>.elementor-widget-spacer.elementor-widget-empty,.e-con>.elementor-widget-spacer.elementor-widget-empty{position:relative;min-height:22px;min-width:22px}.e-con-inner>.elementor-widget-spacer.elementor-widget-empty .elementor-widget-empty-icon,.e-con>.elementor-widget-spacer.elementor-widget-empty .elementor-widget-empty-icon{position:absolute;top:0;bottom:0;left:0;right:0;margin:auto;padding:0;width:22px;height:22px}<\/style>\t\t<div class=\"elementor-spacer\">\n\t\t\t<div class=\"elementor-spacer-inner\"><\/div>\n\t\t<\/div>\n\t\t\t\t<\/div>\n\t\t\t\t<\/div>\n\t\t\t\t<div class=\"elementor-element elementor-element-193c4b0 exad-sticky-section-no exad-glass-effect-no elementor-widget elementor-widget-heading\" data-id=\"193c4b0\" data-element_type=\"widget\" data-widget_type=\"heading.default\">\n\t\t\t\t<div class=\"elementor-widget-container\">\n\t\t\t<style>\/*! elementor - v3.21.0 - 08-05-2024 *\/\n.elementor-heading-title{padding:0;margin:0;line-height:1}.elementor-widget-heading .elementor-heading-title[class*=elementor-size-]>a{color:inherit;font-size:inherit;line-height:inherit}.elementor-widget-heading .elementor-heading-title.elementor-size-small{font-size:15px}.elementor-widget-heading .elementor-heading-title.elementor-size-medium{font-size:19px}.elementor-widget-heading .elementor-heading-title.elementor-size-large{font-size:29px}.elementor-widget-heading .elementor-heading-title.elementor-size-xl{font-size:39px}.elementor-widget-heading .elementor-heading-title.elementor-size-xxl{font-size:59px}<\/style><h2 class=\"elementor-heading-title elementor-size-default\">Condiciones generales de venta<\/h2>\t\t<\/div>\n\t\t\t\t<\/div>\n\t\t\t\t<div class=\"elementor-element elementor-element-5beba3e exad-sticky-section-no exad-glass-effect-no elementor-widget elementor-widget-spacer\" data-id=\"5beba3e\" data-element_type=\"widget\" data-widget_type=\"spacer.default\">\n\t\t\t\t<div class=\"elementor-widget-container\">\n\t\t\t\t\t<div class=\"elementor-spacer\">\n\t\t\t<div class=\"elementor-spacer-inner\"><\/div>\n\t\t<\/div>\n\t\t\t\t<\/div>\n\t\t\t\t<\/div>\n\t\t\t\t<div class=\"elementor-element elementor-element-ae087ff exad-sticky-section-no exad-glass-effect-no elementor-widget elementor-widget-image\" data-id=\"ae087ff\" data-element_type=\"widget\" data-widget_type=\"image.default\">\n\t\t\t\t<div class=\"elementor-widget-container\">\n\t\t\t\t\t\t\t\t\t\t\t\t\t<img decoding=\"async\" width=\"1031\" height=\"304\" src=\"https:\/\/www.lesrivesdulac-annecy.com\/wp-content\/uploads\/2023\/03\/logo-paddle-et-vague.png\" class=\"attachment-full size-full wp-image-2932\" alt=\"\" srcset=\"https:\/\/www.lesrivesdulac-annecy.com\/wp-content\/uploads\/2023\/03\/logo-paddle-et-vague.png 1031w, https:\/\/www.lesrivesdulac-annecy.com\/wp-content\/uploads\/2023\/03\/logo-paddle-et-vague-300x88.png 300w, https:\/\/www.lesrivesdulac-annecy.com\/wp-content\/uploads\/2023\/03\/logo-paddle-et-vague-1024x302.png 1024w, https:\/\/www.lesrivesdulac-annecy.com\/wp-content\/uploads\/2023\/03\/logo-paddle-et-vague-768x226.png 768w\" sizes=\"(max-width: 1031px) 100vw, 1031px\" \/>\t\t\t\t\t\t\t\t\t\t\t\t\t<\/div>\n\t\t\t\t<\/div>\n\t\t\t\t<div class=\"elementor-element elementor-element-cb15e68 exad-sticky-section-no exad-glass-effect-no elementor-widget elementor-widget-text-editor\" data-id=\"cb15e68\" data-element_type=\"widget\" data-widget_type=\"text-editor.default\">\n\t\t\t\t<div class=\"elementor-widget-container\">\n\t\t\t<style>\/*! elementor - v3.21.0 - 08-05-2024 *\/\n.elementor-widget-text-editor.elementor-drop-cap-view-stacked .elementor-drop-cap{background-color:#69727d;color:#fff}.elementor-widget-text-editor.elementor-drop-cap-view-framed .elementor-drop-cap{color:#69727d;border:3px solid;background-color:transparent}.elementor-widget-text-editor:not(.elementor-drop-cap-view-default) .elementor-drop-cap{margin-top:8px}.elementor-widget-text-editor:not(.elementor-drop-cap-view-default) .elementor-drop-cap-letter{width:1em;height:1em}.elementor-widget-text-editor .elementor-drop-cap{float:left;text-align:center;line-height:1;font-size:50px}.elementor-widget-text-editor .elementor-drop-cap-letter{display:inline-block}<\/style>\t\t\t\t<p><strong><span style=\"color: #1871d6;\">Modalit\u00e9s de r\u00e9servation<\/span><\/strong><\/p>\t\t\t\t\t\t<\/div>\n\t\t\t\t<\/div>\n\t\t\t\t<div class=\"elementor-element elementor-element-71e5b22 exad-sticky-section-no exad-glass-effect-no elementor-widget elementor-widget-text-editor\" data-id=\"71e5b22\" data-element_type=\"widget\" data-widget_type=\"text-editor.default\">\n\t\t\t\t<div class=\"elementor-widget-container\">\n\t\t\t\t\t\t\t<p>Pour effectuer une r\u00e9servation, il est demand\u00e9 :<\/p><ul><li><strong>Pour un emplacement de camping :<\/strong> les r\u00e9servations sont possibles \u00e0 partir de 3 nuits : acompte de 70 \u20ac dont 10 \u20ac de frais de r\u00e9servation.<\/li><li><strong>Pour la location d\u2019un h\u00e9bergement : <\/strong>les r\u00e9servations sont possibles \u00e0 partir de 3 nuits la somme de 10 \u20ac pour les frais de dossier ainsi qu\u2019un acompte de 30 % du s\u00e9jour.<\/li><\/ul><p>Lors de la r\u00e9ception de votre demande de r\u00e9servation, un accus\u00e9 de r\u00e9ception vous sera envoy\u00e9 par mail afin de vous informer de son acceptation ou de son refus.<\/p>\t\t\t\t\t\t<\/div>\n\t\t\t\t<\/div>\n\t\t\t\t<div class=\"elementor-element elementor-element-519ae5d exad-sticky-section-no exad-glass-effect-no elementor-widget elementor-widget-text-editor\" data-id=\"519ae5d\" data-element_type=\"widget\" data-widget_type=\"text-editor.default\">\n\t\t\t\t<div class=\"elementor-widget-container\">\n\t\t\t\t\t\t\t<p><strong><span style=\"color: #1871d6;\">R\u00e8glement du solde<\/span><\/strong><\/p>\t\t\t\t\t\t<\/div>\n\t\t\t\t<\/div>\n\t\t\t\t<div class=\"elementor-element elementor-element-f2bf9ba exad-sticky-section-no exad-glass-effect-no elementor-widget elementor-widget-text-editor\" data-id=\"f2bf9ba\" data-element_type=\"widget\" data-widget_type=\"text-editor.default\">\n\t\t\t\t<div class=\"elementor-widget-container\">\n\t\t\t\t\t\t\t<p>Pour les <strong>emplacements<\/strong>, le <strong>solde<\/strong>\u00a0de la r\u00e9servation\u00a0<strong>devra \u00eatre r\u00e9gl\u00e9 \u00e0 l\u2019arriv\u00e9e<\/strong>.<\/p><p>Pour les <strong>locatifs<\/strong>, le <strong>solde<\/strong> de la r\u00e9servation devra \u00eatre r\u00e9gl\u00e9e <strong>1 mois avant l\u2019arriv\u00e9e.<\/strong><\/p>\t\t\t\t\t\t<\/div>\n\t\t\t\t<\/div>\n\t\t\t\t<div class=\"elementor-element elementor-element-6999db9 exad-sticky-section-no exad-glass-effect-no elementor-widget elementor-widget-text-editor\" data-id=\"6999db9\" data-element_type=\"widget\" data-widget_type=\"text-editor.default\">\n\t\t\t\t<div class=\"elementor-widget-container\">\n\t\t\t\t\t\t\t<p><strong><span style=\"color: #1871d6;\">Conditions d&#8217;annulation<\/span><\/strong><\/p>\t\t\t\t\t\t<\/div>\n\t\t\t\t<\/div>\n\t\t\t\t<div class=\"elementor-element elementor-element-d118f09 elementor-widget__width-initial exad-sticky-section-no exad-glass-effect-no elementor-widget elementor-widget-text-editor\" data-id=\"d118f09\" data-element_type=\"widget\" data-widget_type=\"text-editor.default\">\n\t\t\t\t<div class=\"elementor-widget-container\">\n\t\t\t\t\t\t\t<p><strong>L\u2019annulation d\u2019une r\u00e9servation doit \u00eatre confirm\u00e9e par \u00e9crit<\/strong> (email ou lettre).<\/p><p><strong>Les frais de dossier ne sont en aucun cas rembours\u00e9s<\/strong>.<\/p><p>Le versement d\u2019un acompte engage le r\u00e9servataire \u00e0 effectuer le s\u00e9jour.<\/p><p>Tout acompte vers\u00e9 ne peut \u00eatre r\u00e9clam\u00e9 en cas d\u2019annulation.<\/p><p>N\u00e9anmoins, pour tenir compte des al\u00e9as que les campeurs peuvent rencontrer, le camping s\u2019engage \u00e0 rembourser tout ou partie de l\u2019acompte dans les conditions suivantes, si votre annulation est re\u00e7ue :<\/p><ul><li><strong>Jusqu\u2019\u00e0 2 mois avant la date d\u2019arriv\u00e9e pr\u00e9vue<\/strong> dans le camping : il vous est rembours\u00e9 la totalit\u00e9 de l\u2019acompte,<\/li><li><strong>Entre 2 mois et 1,5 mois avant la date d\u2019arriv\u00e9e<\/strong> pr\u00e9vue dans le camping : il vous sera rembours\u00e9 75 % de l\u2019acompte,<\/li><li><strong>Entre 1,5 et 1 mois avant la date d\u2019arriv\u00e9e pr\u00e9vue<\/strong> dans le camping, : il vous sera rembours\u00e9 50 % de l\u2019acompte,<\/li><li><strong>En de\u00e7\u00e0 et en cas d\u2019arriv\u00e9e retard\u00e9e ou de d\u00e9part anticip\u00e9 :<\/strong> aucun remboursement<\/li><li><strong>Votre emplacement ou location sera conserv\u00e9(e) \u00e0 votre disposition jusqu\u2019\u00e0 midi le lendemain de la date d\u2019arriv\u00e9e pr\u00e9vue.<\/strong> Pass\u00e9 ce d\u00e9lai et sans nouvelles de votre part, le camping pourra en disposer de plein droit. Pensez \u00e0 pr\u00e9venir la r\u00e9ception.<\/li><\/ul><p>Les dispositions l\u00e9gales relatives \u00e0 la vente \u00e0 distance pr\u00e9vues dans le Code de la consommation pr\u00e9voient que le droit de r\u00e9tractation n\u2019est pas applicable aux prestations de services d\u2019h\u00e9bergement, de transport, de restauration ou de loisirs qui doivent \u00eatre fournis \u00e0 une date ou selon une p\u00e9riodicit\u00e9 d\u00e9termin\u00e9e (article L 121-21-8 12\u00b0 de Code de la consommation). Ainsi, pour toute r\u00e9servation de prestation effectu\u00e9e aupr\u00e8s du camping les Rives du Lac, le client ne b\u00e9n\u00e9ficie d\u2019aucun droit de r\u00e9tractation.<\/p><p>Nous vous rappelons que <strong>la carte de membre FFCC propose une assurance annulation de s\u00e9jour<\/strong> (adh\u00e9sion possible aupr\u00e8s de notre camping, n\u2019h\u00e9sitez pas \u00e0 vous renseigner !).<br \/>Si vous \u00eates adh\u00e9rents et si votre annulation intervient moins d\u2019un mois avant le d\u00e9but du s\u00e9jour, veuillez adresser votre demande de remboursement directement au Service Assurances de la FFCC avec la facture d\u2019annulation que le camping vous aura fournie ainsi que les documents justifiant de votre annulation.<\/p>\t\t\t\t\t\t<\/div>\n\t\t\t\t<\/div>\n\t\t\t\t\t<\/div>\n\t\t<\/div>\n\t\t\t\t\t<\/div>\n\t\t<\/section>\n\t\t\t\t<\/div>","protected":false},"excerpt":{"rendered":"<p>Conditions g\u00e9n\u00e9rales de vente Modalit\u00e9s de r\u00e9servation Pour effectuer une r\u00e9servation, il est demand\u00e9 : Pour un emplacement de camping : les r\u00e9servations sont possibles \u00e0 partir de 3 nuits : acompte de 70 \u20ac dont 10 \u20ac de frais de r\u00e9servation. Pour la location d\u2019un h\u00e9bergement : les r\u00e9servations sont possibles \u00e0 partir de [&hellip;]<\/p>","protected":false},"author":1,"featured_media":0,"parent":0,"menu_order":0,"comment_status":"closed","ping_status":"closed","template":"elementor_header_footer","meta":{"footnotes":""},"aioseo_notices":[],"_links":{"self":[{"href":"https:\/\/www.lesrivesdulac-annecy.com\/es\/wp-json\/wp\/v2\/pages\/2923"}],"collection":[{"href":"https:\/\/www.lesrivesdulac-annecy.com\/es\/wp-json\/wp\/v2\/pages"}],"about":[{"href":"https:\/\/www.lesrivesdulac-annecy.com\/es\/wp-json\/wp\/v2\/types\/page"}],"author":[{"embeddable":true,"href":"https:\/\/www.lesrivesdulac-annecy.com\/es\/wp-json\/wp\/v2\/users\/1"}],"replies":[{"embeddable":true,"href":"https:\/\/www.lesrivesdulac-annecy.com\/es\/wp-json\/wp\/v2\/comments?post=2923"}],"version-history":[{"count":46,"href":"https:\/\/www.lesrivesdulac-annecy.com\/es\/wp-json\/wp\/v2\/pages\/2923\/revisions"}],"predecessor-version":[{"id":4913,"href":"https:\/\/www.lesrivesdulac-annecy.com\/es\/wp-json\/wp\/v2\/pages\/2923\/revisions\/4913"}],"wp:attachment":[{"href":"https:\/\/www.lesrivesdulac-annecy.com\/es\/wp-json\/wp\/v2\/media?parent=2923"}],"curies":[{"name":"wp","href":"https:\/\/api.w.org\/{rel}","templated":true}]}}